{"id":455,"date":"2021-04-18T15:41:36","date_gmt":"2021-04-18T13:41:36","guid":{"rendered":"https:\/\/leschapelains.org\/?page_id=455"},"modified":"2026-02-16T12:33:36","modified_gmt":"2026-02-16T11:33:36","slug":"activites-bien-etre","status":"publish","type":"page","link":"https:\/\/leschapelains.org\/en\/activites-bien-etre\/","title":{"rendered":"Les activit\u00e9s"},"content":{"rendered":"<p>[et_pb_section fb_built=&#8221;1&#8243; _builder_version=&#8221;4.8.2&#8243; _module_preset=&#8221;default&#8221; width=&#8221;100%&#8221; module_alignment=&#8221;center&#8221; min_height=&#8221;33px&#8221; custom_padding=&#8221;0px||0px|||&#8221;][et_pb_row _builder_version=&#8221;4.8.2&#8243; _module_preset=&#8221;default&#8221; custom_padding=&#8221;17px||16px|||&#8221;][et_pb_column type=&#8221;4_4&#8243; _builder_version=&#8221;4.8.2&#8243; _module_preset=&#8221;default&#8221;][et_pb_text _builder_version=&#8221;4.8.2&#8243; _module_preset=&#8221;default&#8221; text_font=&#8221;|||||on|||&#8221; header_font=&#8221;Montserrat|||||on|||&#8221; header_text_align=&#8221;center&#8221; header_text_color=&#8221;#c7a98f&#8221; header_font_size=&#8221;31px&#8221; custom_margin=&#8221;||-7px|||&#8221; header_font_tablet=&#8221;&#8221; header_font_phone=&#8221;&#8221; header_font_last_edited=&#8221;on|phone&#8221;]<\/p>\n<h1 style=\"text-align: center;\">D\u00e9couvrir les activit\u00e9s et l&#8217;agenda<\/h1>\n<p>[\/et_pb_text][\/et_pb_column][\/et_pb_row][et_pb_row _builder_version=&#8221;4.8.2&#8243; _module_preset=&#8221;default&#8221; custom_padding=&#8221;0px||4px|||&#8221;][et_pb_column type=&#8221;4_4&#8243; _builder_version=&#8221;4.8.2&#8243; _module_preset=&#8221;default&#8221;][et_pb_divider color=&#8221;#c7a98f&#8221; divider_weight=&#8221;2px&#8221; _builder_version=&#8221;4.8.2&#8243; _module_preset=&#8221;default&#8221; min_height=&#8221;17px&#8221; custom_margin=&#8221;||-16px|||&#8221; animation_style=&#8221;fade&#8221;][\/et_pb_divider][\/et_pb_column][\/et_pb_row][et_pb_row column_structure=&#8221;1_2,1_2&#8243; _builder_version=&#8221;4.8.2&#8243; _module_preset=&#8221;default&#8221; width=&#8221;100%&#8221; max_width=&#8221;1211px&#8221; min_height=&#8221;596.1px&#8221; custom_padding=&#8221;||0px|3px||&#8221;][et_pb_column type=&#8221;1_2&#8243; _builder_version=&#8221;4.8.2&#8243; _module_preset=&#8221;default&#8221;][et_pb_text _builder_version=&#8221;4.8.2&#8243; _module_preset=&#8221;default&#8221; header_2_font=&#8221;Montserrat|500||||on|||&#8221; header_2_text_color=&#8221;#4c727a&#8221; header_3_font=&#8221;Montserrat|||||on|||&#8221; header_3_text_color=&#8221;#4c727a&#8221; width=&#8221;100%&#8221; module_alignment=&#8221;center&#8221; custom_margin=&#8221;|0px|-2px|0px|false|false&#8221; custom_padding=&#8221;|20px||20px|false|true&#8221; hover_enabled=&#8221;0&#8243; sticky_enabled=&#8221;0&#8243;]<\/p>\n<h2 class=\"p1\"><span class=\"s2\">Les activit\u00e9s\u00a0<\/span><\/h2>\n<p>De nombreuses activit\u00e9s sont propos\u00e9es au centre Les Chapelains, vous y trouverez principalement\u00a0:<\/p>\n<ul>\n<li><strong>Tai-Chi et Qi-Gong le lundi 18H45<\/strong><\/li>\n<li><strong>Yoga \u00a0le mardi 18H30<\/strong><\/li>\n<li><strong>M\u00e9ditation le mercredi 18H30<\/strong><\/li>\n<li><strong>Spirale du corps le jeudi 9H30<\/strong><\/li>\n<li><span style=\"color: #ff00ff;\"><strong>Nouveau : Massages intuitifs chamaniques et accompagnement en lib\u00e9ration \u00e9motionnelle. Toutes les infos ci-dessous<\/strong><\/span><\/li>\n<li><strong>\u00a0<\/strong>Cercles de danses sacr\u00e9es<\/li>\n<li>Th\u00e9rapies par le son<\/li>\n<li>Ateliers de r\u00e8ve d&#8217;\u00e9veil<\/li>\n<li>Formations et conf\u00e9rences<\/li>\n<li>Concerts<\/li>\n<li>Retraites spirituelles<\/li>\n<li>Cette liste n\u2019est pas exhaustive, la singularit\u00e9 et l\u2019\u00e9nergie du centre permettent la pratique de nombreuses activit\u00e9s li\u00e9es au bien-\u00eatre.\u00a0<span style=\"font-size: 14px;\">N\u2019h\u00e9sitez pas \u00e0 me contacter directement pour de nouvelles demandes.<\/span><\/li>\n<\/ul>\n<p>[\/et_pb_text][et_pb_button button_url=&#8221;https:\/\/leschapelains.org\/informations-pratiques\/&#8221; button_text=&#8221;@ET-DC@eyJkeW5hbWljIjp0cnVlLCJjb250ZW50IjoicG9zdF9saW5rIiwic2V0dGluZ3MiOnsiYmVmb3JlIjoiIiwiYWZ0ZXIiOiIiLCJ0ZXh0IjoiY3VzdG9tIiwiY3VzdG9tX3RleHQiOiJNZSBjb250YWN0ZXIifX0=@&#8221; button_alignment=&#8221;center&#8221; _builder_version=&#8221;4.8.2&#8243; _dynamic_attributes=&#8221;button_text&#8221; _module_preset=&#8221;default&#8221; custom_button=&#8221;on&#8221; button_text_size=&#8221;17px&#8221; button_text_color=&#8221;#FFFFFF&#8221; button_bg_color=&#8221;#4c727a&#8221; button_border_width=&#8221;0px&#8221; button_font=&#8221;||||||||&#8221; button_icon=&#8221;%%20%%&#8221; custom_margin=&#8221;||2px|||&#8221;][\/et_pb_button][\/et_pb_column][et_pb_column type=&#8221;1_2&#8243; _builder_version=&#8221;4.8.2&#8243; _module_preset=&#8221;default&#8221;][et_pb_slider _builder_version=&#8221;4.8.2&#8243; _module_preset=&#8221;default&#8221; width=&#8221;95.4%&#8221; min_height=&#8221;501px&#8221; custom_margin=&#8221;-9px|||||&#8221;][et_pb_slide _builder_version=&#8221;4.8.2&#8243; _module_preset=&#8221;default&#8221; background_image=&#8221;https:\/\/leschapelains.org\/wp-content\/uploads\/2022\/12\/CONCERT-DEC-22-2.jpeg&#8221; background_enable_image=&#8221;on&#8221; sticky_transition=&#8221;on&#8221;][\/et_pb_slide][et_pb_slide _builder_version=&#8221;4.8.2&#8243; _module_preset=&#8221;default&#8221; background_image=&#8221;https:\/\/leschapelains.org\/wp-content\/uploads\/2022\/03\/DANSE-SACREE-3-e1648571564582.jpeg&#8221; background_enable_image=&#8221;on&#8221; sticky_transition=&#8221;on&#8221;][\/et_pb_slide][et_pb_slide _builder_version=&#8221;4.8.2&#8243; _module_preset=&#8221;default&#8221; background_image=&#8221;http:\/\/leschapelains.org\/wp-content\/uploads\/2021\/03\/Yoga.jpeg&#8221; background_enable_image=&#8221;on&#8221; sticky_transition=&#8221;on&#8221;][\/et_pb_slide][et_pb_slide _builder_version=&#8221;4.8.2&#8243; _module_preset=&#8221;default&#8221; background_image=&#8221;http:\/\/leschapelains.org\/wp-content\/uploads\/2021\/03\/BAIN-DE-GONG-1-1.jpeg&#8221; background_enable_image=&#8221;on&#8221; sticky_transition=&#8221;on&#8221;][\/et_pb_slide][\/et_pb_slider][\/et_pb_column][\/et_pb_row][et_pb_row _builder_version=&#8221;4.8.2&#8243; _module_preset=&#8221;default&#8221; custom_padding=&#8221;0px||4px|||&#8221;][et_pb_column type=&#8221;4_4&#8243; _builder_version=&#8221;4.8.2&#8243; _module_preset=&#8221;default&#8221;][et_pb_divider color=&#8221;#c7a98f&#8221; divider_weight=&#8221;2px&#8221; _builder_version=&#8221;4.8.2&#8243; _module_preset=&#8221;default&#8221; min_height=&#8221;17px&#8221; custom_margin=&#8221;||-16px|||&#8221; animation_style=&#8221;fade&#8221;][\/et_pb_divider][et_pb_text _builder_version=&#8221;4.8.2&#8243; _module_preset=&#8221;default&#8221; text_font=&#8221;|||||on|||&#8221; header_font=&#8221;Montserrat|||||on|||&#8221; header_text_align=&#8221;center&#8221; header_text_color=&#8221;#c7a98f&#8221; header_font_size=&#8221;31px&#8221; custom_margin=&#8221;||-7px|||&#8221; header_font_tablet=&#8221;&#8221; header_font_phone=&#8221;&#8221; header_font_last_edited=&#8221;on|phone&#8221;]<\/p>\n<h1 style=\"text-align: center;\"><span style=\"color: #808000;\">l&#8217;agenda du centre<\/span><\/h1>\n<h5 style=\"text-align: center;\"><span style=\"color: #808000;\">cliquez sur la date puis sur plus d&#8217;info et enfin sur le pdf pour avoir tous les d\u00e9tails de l&#8217;atelier ou de l&#8217;animation<\/span><\/h5>\n<p>[\/et_pb_text][\/et_pb_column][\/et_pb_row][et_pb_row use_custom_gutter=&#8221;on&#8221; gutter_width=&#8221;2&#8243; _builder_version=&#8221;4.8.2&#8243; _module_preset=&#8221;default&#8221; width=&#8221;100%&#8221; max_width=&#8221;2560px&#8221; module_alignment=&#8221;center&#8221; custom_margin=&#8221;|-30px||31px||&#8221;][et_pb_column type=&#8221;4_4&#8243; _builder_version=&#8221;4.8.2&#8243; _module_preset=&#8221;default&#8221;][et_pb_code _builder_version=&#8221;4.8.2&#8243; _module_preset=&#8221;default&#8221; text_orientation=&#8221;center&#8221; module_alignment=&#8221;center&#8221;]<iframe loading=\"lazy\" src=\"https:\/\/calendar.google.com\/calendar\/embed?height=500&#038;wkst=2&#038;bgcolor=%23616161&#038;ctz=Europe%2FParis&#038;showNav=1&#038;showTitle=0&#038;showCalendars=0&#038;showPrint=0&#038;mode=MONTH&#038;showDate=1&#038;src=YTU4OGNkYzAyMTNiMzhjZTU0MjBhZjM1ZGY1NjNjMDQ2ZWRlZTdjMmNjYTcxM2I5ZDFlMzYwMTZhZDM0YmNkMkBncm91cC5jYWxlbmRhci5nb29nbGUuY29t&#038;color=%23AD1457\" style=\"border:solid 1px #777\" width=\"900\" height=\"500\" frameborder=\"0\" scrolling=\"no\"><\/iframe>[\/et_pb_code][\/et_pb_column][\/et_pb_row][et_pb_row _builder_version=&#8221;4.8.2&#8243; _module_preset=&#8221;default&#8221; custom_padding=&#8221;0px||0px|||&#8221;][et_pb_column type=&#8221;4_4&#8243; _builder_version=&#8221;4.8.2&#8243; _module_preset=&#8221;default&#8221;][et_pb_divider color=&#8221;#c7a98f&#8221; divider_weight=&#8221;5px&#8221; _builder_version=&#8221;4.8.2&#8243; _module_preset=&#8221;default&#8221; min_height=&#8221;22px&#8221; custom_margin=&#8221;||-16px|||&#8221; animation_style=&#8221;fade&#8221;][\/et_pb_divider][\/et_pb_column][\/et_pb_row][et_pb_row _builder_version=&#8221;4.8.2&#8243; _module_preset=&#8221;default&#8221; custom_padding=&#8221;2px||1px|||&#8221;][et_pb_column type=&#8221;4_4&#8243; _builder_version=&#8221;4.8.2&#8243; _module_preset=&#8221;default&#8221;][et_pb_image src=&#8221;https:\/\/leschapelains.org\/wp-content\/uploads\/2026\/02\/YEMAYAME-BROCHURE.jpg&#8221; _builder_version=&#8221;4.8.2&#8243; _module_preset=&#8221;default&#8221; title_text=&#8221;YEMAYAME BROCHURE&#8221; hover_enabled=&#8221;0&#8243; sticky_enabled=&#8221;0&#8243;][\/et_pb_image][et_pb_text _builder_version=&#8221;4.8.2&#8243; _module_preset=&#8221;default&#8221; header_2_font=&#8221;Montserrat|500||||on|||&#8221; header_2_text_color=&#8221;#4c727a&#8221; header_3_font=&#8221;Montserrat|||||on|||&#8221; header_3_text_color=&#8221;#4c727a&#8221; width=&#8221;100%&#8221; module_alignment=&#8221;center&#8221; min_height=&#8221;450.1px&#8221; custom_margin=&#8221;|0px|-3px|0px|false|false&#8221; custom_padding=&#8221;|29px|20px|29px|false|true&#8221; link_option_url=&#8221;https:\/\/areliance.wixsite.com\/reliance-et-zenitude&#8221; hover_enabled=&#8221;0&#8243; sticky_enabled=&#8221;0&#8243;]<\/p>\n<p class=\"p1\"><span class=\"s1\"> <\/span><\/p>\n<p style=\"text-align: center;\">\u00a0<span style=\"color: #4c727a; font-family: Montserrat, Helvetica, Arial, Lucida, sans-serif; font-size: 34px; font-variant-caps: small-caps;\">Activit\u00e9s hebdomadaires<\/span><\/p>\n<p><strong><\/strong><\/p>\n<p style=\"text-align: center;\"><span style=\"text-decoration: underline; color: #800080;\"><strong>Tous les lundis \u00e0 18h30<\/strong><\/span><br \/> <strong>Qi Gong* et Tai Chi<\/strong> avec l\u2019association \u00ab\u00a0L&#8217;Espace Entre\u00a0\u00bb<br \/> <a href=\"mailto:entre24@gmail.com\">lespace.entre24@gmail.com\u00a0<\/a>Sibylle : <a href=\"tel:0761487888\">07 61 48 78 88\u00a0<\/a>Didier : <a href=\"tel:0684170173\">06 84 17 01 73<\/a><\/p>\n<p style=\"text-align: center;\"><span style=\"text-decoration: underline;\"><strong><a href=\"tel:0684170173\"><span style=\"color: #800080; text-decoration: underline;\">Tous les mardis \u00e0 18h30\u00a0<\/span><\/a><\/strong><\/span><\/p>\n<p style=\"text-align: center;\"><span><strong>YOGA <\/strong>avec Aur\u00e9lie Gouffran Reliance et Z\u00e9nitude &#8211; t\u00e9l : 06 75 90 00 99 &#8211; Email : <a href=\"mailto:a.reliance@wanadoo.fr\">a.reliance@wanadoo.fr<\/a>\u00a0\u00a0<\/span><\/p>\n<p style=\"text-align: center;\"><span style=\"text-decoration: underline; color: #800080;\"><strong><a href=\"tel:0684170173\" style=\"color: #800080; text-decoration: underline;\">Tous les mercredis \u00e0 18h30<\/a><\/strong><\/span><\/p>\n<p style=\"text-align: center;\"><span style=\"font-size: 14px;\"><strong>M\u00c9DITATION<\/strong> avec Pierre<br \/> <\/span><span style=\"font-size: 14px;\">Cette m\u00e9ditation est adapt\u00e9e en fonction des besoins et du niveau des participants. Merci de me contacter si vous d\u00e9sirez participer.<br \/> <\/span><span style=\"font-size: 14px;\">Renseignements :\u00a0<\/span><span style=\"font-size: 14px; background-color: #ffffff;\">\u00a0<a href=\"tel:0684170173\">06 47 43 07 85<\/a><\/span><span style=\"font-size: 14px;\">\u00a0Pour plus d\u2019\u00e9clairage, rendez-vous sur la page\u00a0<span><strong><a href=\"https:\/\/leschapelains.org\/qui-suis-je\/\">Qui-suis-j<\/a><\/strong><\/span><\/span><\/p>\n<p style=\"text-align: center;\"><span style=\"color: #800080;\"><strong><a href=\"tel:0684170173\" style=\"color: #800080; text-decoration: underline;\">Tous les jeudis \u00e0 9H30<\/a><\/strong><\/span><\/p>\n<p style=\"text-align: center;\"><span><strong>SPIRALE DU CORPS<\/strong>\u00a0<\/span><\/p>\n<p><span>inspir\u00e9 de la technique Munz Floor. Stimulation des fascias, lib\u00e8re les douleurs musculaires et articulaires, renforce la colonne vert\u00e9brale, apaise l&#8217;esprit. <\/span><span>De 09H30 \u00e0 12H00 \u00a0<\/span><span>Renseignements Patricia :\u00a0<\/span><span>\u00a0<a href=\"tel:0684170173\">06 33 02 26 84<\/a><\/span><\/p>\n<p style=\"text-align: center;\"><span style=\"font-size: 14px;\"><span style=\"color: #4c727a;\"><\/span><\/span><\/p>\n<p>[\/et_pb_text][\/et_pb_column][\/et_pb_row][\/et_pb_section][et_pb_section fb_built=&#8221;1&#8243; _builder_version=&#8221;4.8.2&#8243; _module_preset=&#8221;default&#8221;][\/et_pb_section]<\/p>\n","protected":false},"excerpt":{"rendered":"<p>[et_pb_section fb_built=&#8221;1&#8243; _builder_version=&#8221;4.8.2&#8243; _module_preset=&#8221;default&#8221; width=&#8221;100%&#8221; module_alignment=&#8221;center&#8221; min_height=&#8221;33px&#8221; custom_padding=&#8221;0px||0px|||&#8221;][et_pb_row _builder_version=&#8221;4.8.2&#8243; _module_preset=&#8221;default&#8221; custom_padding=&#8221;17px||16px|||&#8221;][et_pb_column type=&#8221;4_4&#8243; _builder_version=&#8221;4.8.2&#8243; _module_preset=&#8221;default&#8221;][et_pb_text _builder_version=&#8221;4.8.2&#8243; _module_preset=&#8221;default&#8221; text_font=&#8221;|||||on|||&#8221; header_font=&#8221;Montserrat|||||on|||&#8221; header_text_align=&#8221;center&#8221; header_text_color=&#8221;#c7a98f&#8221; header_font_size=&#8221;31px&#8221; custom_margin=&#8221;||-7px|||&#8221; header_font_tablet=&#8221;&#8221; header_font_phone=&#8221;&#8221; header_font_last_edited=&#8221;on|phone&#8221;] D\u00e9couvrir les activit\u00e9s et l&#8217;agenda [\/et_pb_text][\/et_pb_column][\/et_pb_row][et_pb_row _builder_version=&#8221;4.8.2&#8243; _module_preset=&#8221;default&#8221; custom_padding=&#8221;0px||4px|||&#8221;][et_pb_column type=&#8221;4_4&#8243; _builder_version=&#8221;4.8.2&#8243; _module_preset=&#8221;default&#8221;][et_pb_divider color=&#8221;#c7a98f&#8221; divider_weight=&#8221;2px&#8221; _builder_version=&#8221;4.8.2&#8243; _module_preset=&#8221;default&#8221; min_height=&#8221;17px&#8221; custom_margin=&#8221;||-16px|||&#8221; animation_style=&#8221;fade&#8221;][\/et_pb_divider][\/et_pb_column][\/et_pb_row][et_pb_row column_structure=&#8221;1_2,1_2&#8243; _builder_version=&#8221;4.8.2&#8243; _module_preset=&#8221;default&#8221; width=&#8221;100%&#8221; max_width=&#8221;1211px&#8221; min_height=&#8221;596.1px&#8221; custom_padding=&#8221;||0px|3px||&#8221;][et_pb_column type=&#8221;1_2&#8243; _builder_version=&#8221;4.8.2&#8243; _module_preset=&#8221;default&#8221;][et_pb_text _builder_version=&#8221;4.8.2&#8243; [&hellip;]<\/p>\n","protected":false},"author":1,"featured_media":0,"parent":0,"menu_order":0,"comment_status":"closed","ping_status":"closed","template":"","meta":{"_et_pb_use_builder":"on","_et_pb_old_content":"","_et_gb_content_width":""},"yoast_head":"<!-- This site is optimized with the Yoast SEO plugin v16.0.2 - https:\/\/yoast.com\/wordpress\/plugins\/seo\/ -->\n<title>Les activit\u00e9s | Les Chapelains<\/title>\n<link rel=\"canonical\" href=\"https:\/\/leschapelains.org\/activites-bien-etre\/\" \/>\n<meta property=\"og:locale\" content=\"en_US\" \/>\n<meta property=\"og:type\" content=\"article\" \/>\n<meta property=\"og:title\" content=\"Les activit\u00e9s | Les Chapelains\" \/>\n<meta property=\"og:description\" content=\"[et_pb_section fb_built=&#8221;1&#8243; _builder_version=&#8221;4.8.2&#8243; _module_preset=&#8221;default&#8221; width=&#8221;100%&#8221; module_alignment=&#8221;center&#8221; min_height=&#8221;33px&#8221; custom_padding=&#8221;0px||0px|||&#8221;][et_pb_row _builder_version=&#8221;4.8.2&#8243; _module_preset=&#8221;default&#8221; custom_padding=&#8221;17px||16px|||&#8221;][et_pb_column type=&#8221;4_4&#8243; _builder_version=&#8221;4.8.2&#8243; _module_preset=&#8221;default&#8221;][et_pb_text _builder_version=&#8221;4.8.2&#8243; _module_preset=&#8221;default&#8221; text_font=&#8221;|||||on|||&#8221; header_font=&#8221;Montserrat|||||on|||&#8221; header_text_align=&#8221;center&#8221; header_text_color=&#8221;#c7a98f&#8221; header_font_size=&#8221;31px&#8221; custom_margin=&#8221;||-7px|||&#8221; header_font_tablet=&#8221;&#8221; header_font_phone=&#8221;&#8221; header_font_last_edited=&#8221;on|phone&#8221;] D\u00e9couvrir les activit\u00e9s et l&#8217;agenda [\/et_pb_text][\/et_pb_column][\/et_pb_row][et_pb_row _builder_version=&#8221;4.8.2&#8243; _module_preset=&#8221;default&#8221; custom_padding=&#8221;0px||4px|||&#8221;][et_pb_column type=&#8221;4_4&#8243; _builder_version=&#8221;4.8.2&#8243; _module_preset=&#8221;default&#8221;][et_pb_divider color=&#8221;#c7a98f&#8221; divider_weight=&#8221;2px&#8221; _builder_version=&#8221;4.8.2&#8243; _module_preset=&#8221;default&#8221; min_height=&#8221;17px&#8221; custom_margin=&#8221;||-16px|||&#8221; animation_style=&#8221;fade&#8221;][\/et_pb_divider][\/et_pb_column][\/et_pb_row][et_pb_row column_structure=&#8221;1_2,1_2&#8243; _builder_version=&#8221;4.8.2&#8243; _module_preset=&#8221;default&#8221; width=&#8221;100%&#8221; max_width=&#8221;1211px&#8221; min_height=&#8221;596.1px&#8221; custom_padding=&#8221;||0px|3px||&#8221;][et_pb_column type=&#8221;1_2&#8243; _builder_version=&#8221;4.8.2&#8243; _module_preset=&#8221;default&#8221;][et_pb_text _builder_version=&#8221;4.8.2&#8243; [&hellip;]\" \/>\n<meta property=\"og:url\" content=\"https:\/\/leschapelains.org\/activites-bien-etre\/\" \/>\n<meta property=\"og:site_name\" content=\"Les Chapelains\" \/>\n<meta property=\"article:modified_time\" content=\"2026-02-16T11:33:36+00:00\" \/>\n<meta name=\"twitter:card\" content=\"summary_large_image\" \/>\n<meta name=\"twitter:label1\" content=\"Est. reading time\">\n\t<meta name=\"twitter:data1\" content=\"5 minutes\">\n<script type=\"application\/ld+json\" class=\"yoast-schema-graph\">{\"@context\":\"https:\/\/schema.org\",\"@graph\":[{\"@type\":\"Organization\",\"@id\":\"https:\/\/leschapelains.org\/#organization\",\"name\":\"Les Chapelains G\\u00eete et Bien-\\u00eatre\",\"url\":\"https:\/\/leschapelains.org\/\",\"sameAs\":[],\"logo\":{\"@type\":\"ImageObject\",\"@id\":\"https:\/\/leschapelains.org\/#logo\",\"inLanguage\":\"en-US\",\"url\":\"https:\/\/leschapelains.org\/wp-content\/uploads\/2021\/03\/cropped-Logo-VF-1.png\",\"width\":1576,\"height\":559,\"caption\":\"Les Chapelains G\\u00eete et Bien-\\u00eatre\"},\"image\":{\"@id\":\"https:\/\/leschapelains.org\/#logo\"}},{\"@type\":\"WebSite\",\"@id\":\"https:\/\/leschapelains.org\/#website\",\"url\":\"https:\/\/leschapelains.org\/\",\"name\":\"Les Chapelains\",\"description\":\"Bien-\\u00eatre\",\"publisher\":{\"@id\":\"https:\/\/leschapelains.org\/#organization\"},\"potentialAction\":[{\"@type\":\"SearchAction\",\"target\":\"https:\/\/leschapelains.org\/?s={search_term_string}\",\"query-input\":\"required name=search_term_string\"}],\"inLanguage\":\"en-US\"},{\"@type\":\"WebPage\",\"@id\":\"https:\/\/leschapelains.org\/activites-bien-etre\/#webpage\",\"url\":\"https:\/\/leschapelains.org\/activites-bien-etre\/\",\"name\":\"Les activit\\u00e9s | Les Chapelains\",\"isPartOf\":{\"@id\":\"https:\/\/leschapelains.org\/#website\"},\"datePublished\":\"2021-04-18T13:41:36+00:00\",\"dateModified\":\"2026-02-16T11:33:36+00:00\",\"breadcrumb\":{\"@id\":\"https:\/\/leschapelains.org\/activites-bien-etre\/#breadcrumb\"},\"inLanguage\":\"en-US\",\"potentialAction\":[{\"@type\":\"ReadAction\",\"target\":[\"https:\/\/leschapelains.org\/activites-bien-etre\/\"]}]},{\"@type\":\"BreadcrumbList\",\"@id\":\"https:\/\/leschapelains.org\/activites-bien-etre\/#breadcrumb\",\"itemListElement\":[{\"@type\":\"ListItem\",\"position\":1,\"item\":{\"@type\":\"WebPage\",\"@id\":\"https:\/\/leschapelains.org\/\",\"url\":\"https:\/\/leschapelains.org\/\",\"name\":\"Accueil\"}},{\"@type\":\"ListItem\",\"position\":2,\"item\":{\"@type\":\"WebPage\",\"@id\":\"https:\/\/leschapelains.org\/activites-bien-etre\/\",\"url\":\"https:\/\/leschapelains.org\/activites-bien-etre\/\",\"name\":\"Les activit\\u00e9s\"}}]}]}<\/script>\n<!-- \/ Yoast SEO plugin. -->","_links":{"self":[{"href":"https:\/\/leschapelains.org\/en\/wp-json\/wp\/v2\/pages\/455"}],"collection":[{"href":"https:\/\/leschapelains.org\/en\/wp-json\/wp\/v2\/pages"}],"about":[{"href":"https:\/\/leschapelains.org\/en\/wp-json\/wp\/v2\/types\/page"}],"author":[{"embeddable":true,"href":"https:\/\/leschapelains.org\/en\/wp-json\/wp\/v2\/users\/1"}],"replies":[{"embeddable":true,"href":"https:\/\/leschapelains.org\/en\/wp-json\/wp\/v2\/comments?post=455"}],"version-history":[{"count":173,"href":"https:\/\/leschapelains.org\/en\/wp-json\/wp\/v2\/pages\/455\/revisions"}],"predecessor-version":[{"id":1119,"href":"https:\/\/leschapelains.org\/en\/wp-json\/wp\/v2\/pages\/455\/revisions\/1119"}],"wp:attachment":[{"href":"https:\/\/leschapelains.org\/en\/wp-json\/wp\/v2\/media?parent=455"}],"curies":[{"name":"wp","href":"https:\/\/api.w.org\/{rel}","templated":true}]}}