{"id":524,"date":"2022-03-29T17:56:25","date_gmt":"2022-03-29T15:56:25","guid":{"rendered":"https:\/\/leschapelains.org\/?page_id=524"},"modified":"2025-04-23T17:14:26","modified_gmt":"2025-04-23T15:14:26","slug":"qui-suis-je","status":"publish","type":"page","link":"https:\/\/leschapelains.org\/en\/qui-suis-je\/","title":{"rendered":"Qui suis-je ?"},"content":{"rendered":"<p>[et_pb_section fb_built=&#8221;1&#8243; _builder_version=&#8221;4.8.2&#8243; _module_preset=&#8221;default&#8221; width=&#8221;100%&#8221; module_alignment=&#8221;center&#8221; min_height=&#8221;33px&#8221; custom_padding=&#8221;0px||0px|||&#8221;][et_pb_row _builder_version=&#8221;4.8.2&#8243; _module_preset=&#8221;default&#8221; custom_padding=&#8221;17px|||||&#8221;][et_pb_column type=&#8221;4_4&#8243; _builder_version=&#8221;4.8.2&#8243; _module_preset=&#8221;default&#8221;][et_pb_text _builder_version=&#8221;4.8.2&#8243; _module_preset=&#8221;default&#8221; header_font=&#8221;Montserrat|||||on|||&#8221; header_text_align=&#8221;center&#8221; header_text_color=&#8221;#c7a98f&#8221; header_font_size=&#8221;31px&#8221; custom_margin=&#8221;||-7px|||&#8221; header_font_tablet=&#8221;&#8221; header_font_phone=&#8221;&#8221; header_font_last_edited=&#8221;on|phone&#8221;]<\/p>\n<h1 style=\"text-align: center;\">Qui suis-je ?<\/h1>\n<p>[\/et_pb_text][\/et_pb_column][\/et_pb_row][et_pb_row _builder_version=&#8221;4.8.2&#8243; _module_preset=&#8221;default&#8221; custom_padding=&#8221;0px||4px|||&#8221;][et_pb_column type=&#8221;4_4&#8243; _builder_version=&#8221;4.8.2&#8243; _module_preset=&#8221;default&#8221;][et_pb_divider color=&#8221;#c7a98f&#8221; divider_weight=&#8221;2px&#8221; _builder_version=&#8221;4.8.2&#8243; _module_preset=&#8221;default&#8221; min_height=&#8221;17px&#8221; custom_margin=&#8221;||-16px|||&#8221; animation_style=&#8221;fade&#8221;][\/et_pb_divider][\/et_pb_column][\/et_pb_row][et_pb_row column_structure=&#8221;1_3,2_3&#8243; _builder_version=&#8221;4.8.2&#8243; _module_preset=&#8221;default&#8221;][et_pb_column type=&#8221;1_3&#8243; _builder_version=&#8221;4.8.2&#8243; _module_preset=&#8221;default&#8221;][et_pb_image src=&#8221;https:\/\/leschapelains.org\/wp-content\/uploads\/2024\/06\/PORTRAIT-PIERRE.jpeg&#8221; alt=&#8221;Pierre Charlot Les Chapelains&#8221; title_text=&#8221;PORTRAIT PIERRE&#8221; src_tablet=&#8221;&#8221; src_phone=&#8221;&#8221; src_last_edited=&#8221;on|desktop&#8221; _builder_version=&#8221;4.8.2&#8243; _module_preset=&#8221;default&#8221; width=&#8221;100%&#8221; module_alignment=&#8221;center&#8221; animation_style=&#8221;fade&#8221;][\/et_pb_image][\/et_pb_column][et_pb_column type=&#8221;2_3&#8243; _builder_version=&#8221;4.8.2&#8243; _module_preset=&#8221;default&#8221;][et_pb_text _builder_version=&#8221;4.8.2&#8243; _module_preset=&#8221;default&#8221; header_2_font=&#8221;Montserrat|500||||on|||&#8221; header_2_text_color=&#8221;#4c727a&#8221; header_3_font=&#8221;Montserrat|||||on|||&#8221; header_3_text_color=&#8221;#4c727a&#8221; custom_margin=&#8221;||6px|||&#8221;]<\/p>\n<h2 style=\"text-align: center;\">Pierre Charlot<\/h2>\n<p>[\/et_pb_text][et_pb_text _builder_version=&#8221;4.8.2&#8243; _module_preset=&#8221;default&#8221; hover_enabled=&#8221;0&#8243; sticky_enabled=&#8221;0&#8243;]<\/p>\n<p>Je m\u2019appelle Pierre, propri\u00e9taire des lieux, au parcours atypique, je suis issu d\u2019une vieille famille de vignerons qui remonte au XVII\u00e8me<sup>\u00a0<\/sup>si\u00e8cle. C\u2019est dans ce lieu que je suis n\u00e9 et ai grandi.\u00a0 J\u2019ai pass\u00e9 34 ann\u00e9es de passion \u00e0 cultiver la vigne, produire de superbes vins et les vendre dans le monde entier. Ces ann\u00e9es ont laiss\u00e9 des traces, tout particuli\u00e8rement le stress.<\/p>\n<p>En 2008, je d\u00e9couvre la m\u00e9ditation quotidienne qui m&#8217;ouvre de nouveaux horizons.<\/p>\n<p>En 2016, la d\u00e9cision est prise d\u2019arr\u00eater d\u00e9finitivement ma carri\u00e8re de vigneron pour me consacrer \u00e0 l\u2019enseignement de la m\u00e9ditation et \u00e0 l\u2019aide aux personnes.<\/p>\n<p>En 2019, je r\u00e9nove les vieux b\u00e2timents de famille pour cr\u00e9er dans l&#8217;ancien chai le centre de bien-\u00eatre. Apr\u00e8s des d\u00e9buts chaotiques, les lieux trouvent aujourd&#8217;hui leur raison d&#8217;\u00eatre pour proposer au plus grand nombre un beau choix d&#8217;activit\u00e9s qui offrent pl\u00e9nitude, joie, harmonie &#8230;<\/p>\n<p><span style=\"font-size: 14px;\">Par la suite, je d\u00e9couvre qu&#8217;il est possible d&#8217;amadouer la dualit\u00e9 (Yin\/Yang, bien\/mal, f\u00e9minin\/masculin &#8230;) pour entrer dans l&#8217;unit\u00e9, un \u00e9tat o\u00f9 peur, jugement, manipulation &#8230; laissent place \u00e0 la joie. Ainsi, en quelque sorte, j&#8217;ai trouv\u00e9 ma souverainet\u00e9, ma libert\u00e9.<\/span><\/p>\n<p><span style=\"font-size: 14px;\"><strong>Je suis port\u00e9 par ce profond \u00e9lan qui m&#8217;am\u00e8ne \u00e0 transmettre mon exp\u00e9rience \u00e0 travers des ateliers :<\/strong>\u00a0 \u00a0 \u00a0 \u00a0 \u00a0 \u00a0 \u00a0 \u00a0 \u00a0<\/span><\/p>\n<p style=\"text-align: center;\"><span style=\"font-size: 14px;\"><span style=\"color: #800080;\"><strong><span style=\"text-decoration: underline;\">VIVRE LA SPIRITUALIT\u00c9<\/span><\/strong>.<\/span><\/span><\/p>\n<p><span style=\"font-size: 14px;\"><strong> Nous y abordons les th\u00e8mes qui sont d\u00e9velopp\u00e9s dans cette page avec tous les secrets de LA LOI DE L&#8217;ATTRACTION, L&#8217;AMOUR, LA MISE EN LUMI\u00c8RE, LE PARDON mais bien plus encore avec les liens avec les anc\u00e8tres et les enfants, l&#8217;apaisement des conflits, la connexion \u00e0 la Terre M\u00e8re et \u00e0 l&#8217;Univers&#8230; Je vous livre tous les outils, secrets et exercices que j&#8217;ai exp\u00e9riment\u00e9s et qui je l&#8217;esp\u00e8re de tout coeur, trouveront un echo favorable en vous.<\/strong><\/span><\/p>\n<p><span style=\"font-size: 14px;\"><strong>Le Secret de la Vie : ne rien d\u00e9tester, tout aimer et, ce que nous ne pouvons pas aimer, demander \u00e0 l&#8217;univers de le faire pour nous\u00a0<img decoding=\"async\" src=\"https:\/\/leschapelains.org\/wp-content\/themes\/Divi\/includes\/builder\/frontend-builder\/assets\/vendors\/plugins\/emoticons\/img\/smiley-smile.gif\" alt=\"smile\" \/><\/strong><\/span><\/p>\n<p>&nbsp;<\/p>\n<p>&nbsp;<\/p>\n<p>[\/et_pb_text][\/et_pb_column][\/et_pb_row][et_pb_row _builder_version=&#8221;4.8.2&#8243; _module_preset=&#8221;default&#8221; custom_padding=&#8221;0px||4px|||&#8221;][et_pb_column type=&#8221;4_4&#8243; _builder_version=&#8221;4.8.2&#8243; _module_preset=&#8221;default&#8221;][et_pb_divider color=&#8221;#c7a98f&#8221; divider_weight=&#8221;2px&#8221; _builder_version=&#8221;4.8.2&#8243; _module_preset=&#8221;default&#8221; min_height=&#8221;17px&#8221; custom_margin=&#8221;||-16px|||&#8221; animation_style=&#8221;fade&#8221;][\/et_pb_divider][\/et_pb_column][\/et_pb_row][et_pb_row _builder_version=&#8221;4.8.2&#8243; _module_preset=&#8221;default&#8221;][et_pb_column type=&#8221;4_4&#8243; _builder_version=&#8221;4.8.2&#8243; _module_preset=&#8221;default&#8221;][et_pb_image src=&#8221;https:\/\/leschapelains.org\/wp-content\/uploads\/2022\/03\/Loi-de-lattraction.png&#8221; title_text=&#8221;Loi de l&#8217;attraction&#8221; _builder_version=&#8221;4.8.2&#8243; _module_preset=&#8221;default&#8221;][\/et_pb_image][\/et_pb_column][\/et_pb_row][et_pb_row _builder_version=&#8221;4.8.2&#8243; _module_preset=&#8221;default&#8221; custom_padding=&#8221;0px||4px|||&#8221;][et_pb_column type=&#8221;4_4&#8243; _builder_version=&#8221;4.8.2&#8243; _module_preset=&#8221;default&#8221;][et_pb_divider color=&#8221;#c7a98f&#8221; divider_weight=&#8221;2px&#8221; _builder_version=&#8221;4.8.2&#8243; _module_preset=&#8221;default&#8221; min_height=&#8221;17px&#8221; custom_margin=&#8221;||-16px|||&#8221; animation_style=&#8221;fade&#8221;][\/et_pb_divider][\/et_pb_column][\/et_pb_row][et_pb_row _builder_version=&#8221;4.8.2&#8243; _module_preset=&#8221;default&#8221; custom_padding=&#8221;1px|||||&#8221;][et_pb_column type=&#8221;4_4&#8243; _builder_version=&#8221;4.8.2&#8243; _module_preset=&#8221;default&#8221;][et_pb_text _builder_version=&#8221;4.8.2&#8243; _module_preset=&#8221;default&#8221; header_2_font=&#8221;Montserrat|500||||on|||&#8221; header_2_text_color=&#8221;#4c727a&#8221; header_3_font=&#8221;Montserrat|||||on|||&#8221; header_3_text_color=&#8221;#4c727a&#8221;]<\/p>\n<h2>La m\u00e9ditation<\/h2>\n<p>Je m\u00e9dite quotidiennement depuis plus de 15 ans et gr\u00e2ce \u00e0 cela j\u2019ai pu l\u00e2cher stress, peurs, de nombreuses souffrances physiques (articulaires, digestives, cutan\u00e9es), col\u00e8res, \u00a0jugements ou encore impatience.<\/p>\n<p>\u00c0 travers la m\u00e9ditation, j\u2019ai d\u00e9couvert le chemin int\u00e9rieur qui permet l\u2019ascension vers la LIBERT\u00c9. J\u2019ai mis au point une philosophie extr\u00eamement simple (je n\u2019ai pas la pr\u00e9tention d\u2019\u00eatre un philosophe) qui combine m\u00e9ditation, loi de l\u2019attraction et modelage de l\u2019\u00e9go (identifier ses peurs, ses col\u00e8res &#8230;)<\/p>\n<p>Depuis peu, j&#8217;ai l&#8217;incroyable chance de canaliser et amener les participants qui ont une certaine exp\u00e9rience dans des guidances in\u00e9dites.<\/p>\n<p>Mon souhait est de vous transmettre des outils afin que vous puissiez \u00e0 votre tour les utiliser et d\u00e9couvrir cet extraordinaire chemin int\u00e9rieur vers la s\u00e9r\u00e9nit\u00e9 et la libert\u00e9.<\/p>\n<p>[\/et_pb_text][\/et_pb_column][\/et_pb_row][et_pb_row _builder_version=&#8221;4.8.2&#8243; _module_preset=&#8221;default&#8221; custom_padding=&#8221;2px||0px|||&#8221;][et_pb_column type=&#8221;4_4&#8243; _builder_version=&#8221;4.8.2&#8243; _module_preset=&#8221;default&#8221;][et_pb_cta title=&#8221;Les principaux enseignements :&#8221; button_text=&#8221;Clics&#8221; _builder_version=&#8221;4.8.2&#8243; _module_preset=&#8221;default&#8221; header_font=&#8221;|||||on|||&#8221; body_font=&#8221;Dancing Script||||||||&#8221; body_text_align=&#8221;center&#8221; body_font_size=&#8221;24px&#8221; background_color=&#8221;#73babc&#8221; min_height=&#8221;130.6px&#8221; custom_padding=&#8221;28px||3px|||&#8221; border_radii=&#8221;on|24px|24px|24px|24px&#8221;]<\/p>\n<p><span class=\"s1\">M\u00e9ditation &#8211;\u00a0<\/span><span class=\"s1\">Loi de l\u2019attraction &#8211;\u00a0<\/span><span class=\"s1\">Modelage de l\u2019\u00e9go &#8211;\u00a0<\/span><span class=\"s1\">Pardon &#8211;\u00a0<\/span><span class=\"s1\">L\u00e2cher prise <\/span><span class=\"s1\">&#8211;\u00a0<\/span><span class=\"s1\">Vivre l\u2019instant pr\u00e9sent<\/span><\/p>\n<h4><strong><span class=\"s1\">&#8220;Tout ce que j&#8217;imagine, je le cr\u00e9e&#8221; <\/span><\/strong><\/h4>\n<p><span class=\"s1\">D\u00e9couvrir l&#8217;incroyable pouvoir qui est en chacun d&#8217;entre nous !<\/span><\/p>\n<p>[\/et_pb_cta][\/et_pb_column][\/et_pb_row][et_pb_row column_structure=&#8221;1_2,1_2&#8243; _builder_version=&#8221;4.8.2&#8243; _module_preset=&#8221;default&#8221; custom_padding=&#8221;||0px|||&#8221;][et_pb_column type=&#8221;1_2&#8243; _builder_version=&#8221;4.8.2&#8243; _module_preset=&#8221;default&#8221;][et_pb_text _builder_version=&#8221;4.8.2&#8243; _module_preset=&#8221;default&#8221; header_2_font=&#8221;Montserrat|500||||on|||&#8221; header_2_text_color=&#8221;#4c727a&#8221; header_3_font=&#8221;Montserrat|||||on|||&#8221; header_3_text_color=&#8221;#4c727a&#8221;]<\/p>\n<h2 class=\"p1\" style=\"text-align: center;\"><span class=\"s2\">Les Enfants<\/span><\/h2>\n<p style=\"text-align: center;\"><span class=\"s2\"><b><\/b><\/span><\/p>\n<p style=\"text-align: center;\">Par ailleurs, j\u2019ai eu la chance de suivre la formation SEVE (Savoir \u00catre, Vivre Ensemble) initi\u00e9e par Fr\u00e9d\u00e9ric Lenoir, afin d\u2019enseigner m\u00e9ditation et philosophie en \u00e9cole primaire. Cette formation m\u2019a permis une prise de conscience quant \u00e0 la fragilit\u00e9 des enfants et les traces que pouvait laisser toute forme de violence. Je souhaite m\u2019engager dans deux directions : donner aux petits la chance de penser par eux-m\u00eames d\u2019une part et, d\u2019autre part, communiquer aux parents quelques outils pour donner \u00e0 leurs enfants plus de chances de r\u00e9ussite.<\/p>\n<p>[\/et_pb_text][\/et_pb_column][et_pb_column type=&#8221;1_2&#8243; _builder_version=&#8221;4.8.2&#8243; _module_preset=&#8221;default&#8221;][et_pb_text _builder_version=&#8221;4.8.2&#8243; _module_preset=&#8221;default&#8221; header_2_font=&#8221;Montserrat|500||||on|||&#8221; header_2_text_color=&#8221;#4c727a&#8221; header_3_font=&#8221;Montserrat|||||on|||&#8221; header_3_text_color=&#8221;#4c727a&#8221;]<\/p>\n<h2 class=\"p1\" style=\"text-align: center;\"><span class=\"s2\">Le Magn\u00e9tisme<\/span><\/h2>\n<p class=\"p1\" style=\"text-align: center;\"><span class=\"s1\">Ma M\u00e8re m\u2019a transmis un don : le magn\u00e9tisme.<br \/> <\/span><span class=\"s1\">J\u2019ai suivi une formation Reiki et combine l\u2019ensemble \u00e0 ma mani\u00e8re !<\/span><\/p>\n<p class=\"p1\" style=\"text-align: center;\"><span class=\"s1\">Petit \u00e0 petit, je me suis d\u00e9couvert quelques dons :<br \/> <\/span><span class=\"s1\">All\u00e9ger les souffrances<br \/> <\/span><span style=\"font-size: 14px;\">Enlever les entit\u00e9s<br \/> <\/span><span style=\"font-size: 14px;\">Couper les liens g\u00e9n\u00e9rationnels (tout ce que nous trainons de n\u00e9gatif de nos a\u00efeux)<br \/> <\/span><span style=\"font-size: 14px;\">Mettre en lumi\u00e8re les traumatismes \u2026<\/span><\/p>\n<p class=\"p1\" style=\"text-align: center;\"><em><span class=\"s1\"><\/span><\/em><\/p>\n<p>[\/et_pb_text][\/et_pb_column][\/et_pb_row][et_pb_row _builder_version=&#8221;4.8.2&#8243; _module_preset=&#8221;default&#8221; min_height=&#8221;0.8px&#8221; custom_padding=&#8221;0px||0px|||&#8221;][et_pb_column type=&#8221;4_4&#8243; _builder_version=&#8221;4.8.2&#8243; _module_preset=&#8221;default&#8221;][et_pb_divider color=&#8221;#c7a98f&#8221; divider_weight=&#8221;2px&#8221; _builder_version=&#8221;4.8.2&#8243; _module_preset=&#8221;default&#8221; min_height=&#8221;17px&#8221; custom_margin=&#8221;||-16px|||&#8221; animation_style=&#8221;fade&#8221;][\/et_pb_divider][\/et_pb_column][\/et_pb_row][\/et_pb_section]<\/p>\n","protected":false},"excerpt":{"rendered":"<p>[et_pb_section fb_built=&#8221;1&#8243; _builder_version=&#8221;4.8.2&#8243; _module_preset=&#8221;default&#8221; width=&#8221;100%&#8221; module_alignment=&#8221;center&#8221; min_height=&#8221;33px&#8221; custom_padding=&#8221;0px||0px|||&#8221;][et_pb_row _builder_version=&#8221;4.8.2&#8243; _module_preset=&#8221;default&#8221; custom_padding=&#8221;17px|||||&#8221;][et_pb_column type=&#8221;4_4&#8243; _builder_version=&#8221;4.8.2&#8243; _module_preset=&#8221;default&#8221;][et_pb_text _builder_version=&#8221;4.8.2&#8243; _module_preset=&#8221;default&#8221; header_font=&#8221;Montserrat|||||on|||&#8221; header_text_align=&#8221;center&#8221; header_text_color=&#8221;#c7a98f&#8221; header_font_size=&#8221;31px&#8221; custom_margin=&#8221;||-7px|||&#8221; header_font_tablet=&#8221;&#8221; header_font_phone=&#8221;&#8221; header_font_last_edited=&#8221;on|phone&#8221;] Qui suis-je ? [\/et_pb_text][\/et_pb_column][\/et_pb_row][et_pb_row _builder_version=&#8221;4.8.2&#8243; _module_preset=&#8221;default&#8221; custom_padding=&#8221;0px||4px|||&#8221;][et_pb_column type=&#8221;4_4&#8243; _builder_version=&#8221;4.8.2&#8243; _module_preset=&#8221;default&#8221;][et_pb_divider color=&#8221;#c7a98f&#8221; divider_weight=&#8221;2px&#8221; _builder_version=&#8221;4.8.2&#8243; _module_preset=&#8221;default&#8221; min_height=&#8221;17px&#8221; custom_margin=&#8221;||-16px|||&#8221; animation_style=&#8221;fade&#8221;][\/et_pb_divider][\/et_pb_column][\/et_pb_row][et_pb_row column_structure=&#8221;1_3,2_3&#8243; _builder_version=&#8221;4.8.2&#8243; _module_preset=&#8221;default&#8221;][et_pb_column type=&#8221;1_3&#8243; _builder_version=&#8221;4.8.2&#8243; _module_preset=&#8221;default&#8221;][et_pb_image src=&#8221;https:\/\/leschapelains.org\/wp-content\/uploads\/2024\/06\/PORTRAIT-PIERRE.jpeg&#8221; alt=&#8221;Pierre Charlot Les Chapelains&#8221; title_text=&#8221;PORTRAIT PIERRE&#8221; src_tablet=&#8221;&#8221; [&hellip;]<\/p>\n","protected":false},"author":1,"featured_media":0,"parent":0,"menu_order":0,"comment_status":"closed","ping_status":"closed","template":"","meta":{"_et_pb_use_builder":"on","_et_pb_old_content":"","_et_gb_content_width":""},"yoast_head":"<!-- This site is optimized with the Yoast SEO plugin v16.0.2 - https:\/\/yoast.com\/wordpress\/plugins\/seo\/ -->\n<title>Qui suis-je ? | Les Chapelains<\/title>\n<link rel=\"canonical\" href=\"https:\/\/leschapelains.org\/qui-suis-je\/\" \/>\n<meta property=\"og:locale\" content=\"en_US\" \/>\n<meta property=\"og:type\" content=\"article\" \/>\n<meta property=\"og:title\" content=\"Qui suis-je ? | Les Chapelains\" \/>\n<meta property=\"og:description\" content=\"[et_pb_section fb_built=&#8221;1&#8243; _builder_version=&#8221;4.8.2&#8243; _module_preset=&#8221;default&#8221; width=&#8221;100%&#8221; module_alignment=&#8221;center&#8221; min_height=&#8221;33px&#8221; custom_padding=&#8221;0px||0px|||&#8221;][et_pb_row _builder_version=&#8221;4.8.2&#8243; _module_preset=&#8221;default&#8221; custom_padding=&#8221;17px|||||&#8221;][et_pb_column type=&#8221;4_4&#8243; _builder_version=&#8221;4.8.2&#8243; _module_preset=&#8221;default&#8221;][et_pb_text _builder_version=&#8221;4.8.2&#8243; _module_preset=&#8221;default&#8221; header_font=&#8221;Montserrat|||||on|||&#8221; header_text_align=&#8221;center&#8221; header_text_color=&#8221;#c7a98f&#8221; header_font_size=&#8221;31px&#8221; custom_margin=&#8221;||-7px|||&#8221; header_font_tablet=&#8221;&#8221; header_font_phone=&#8221;&#8221; header_font_last_edited=&#8221;on|phone&#8221;] Qui suis-je ? [\/et_pb_text][\/et_pb_column][\/et_pb_row][et_pb_row _builder_version=&#8221;4.8.2&#8243; _module_preset=&#8221;default&#8221; custom_padding=&#8221;0px||4px|||&#8221;][et_pb_column type=&#8221;4_4&#8243; _builder_version=&#8221;4.8.2&#8243; _module_preset=&#8221;default&#8221;][et_pb_divider color=&#8221;#c7a98f&#8221; divider_weight=&#8221;2px&#8221; _builder_version=&#8221;4.8.2&#8243; _module_preset=&#8221;default&#8221; min_height=&#8221;17px&#8221; custom_margin=&#8221;||-16px|||&#8221; animation_style=&#8221;fade&#8221;][\/et_pb_divider][\/et_pb_column][\/et_pb_row][et_pb_row column_structure=&#8221;1_3,2_3&#8243; _builder_version=&#8221;4.8.2&#8243; _module_preset=&#8221;default&#8221;][et_pb_column type=&#8221;1_3&#8243; _builder_version=&#8221;4.8.2&#8243; _module_preset=&#8221;default&#8221;][et_pb_image src=&#8221;https:\/\/leschapelains.org\/wp-content\/uploads\/2024\/06\/PORTRAIT-PIERRE.jpeg&#8221; alt=&#8221;Pierre Charlot Les Chapelains&#8221; title_text=&#8221;PORTRAIT PIERRE&#8221; src_tablet=&#8221;&#8221; [&hellip;]\" \/>\n<meta property=\"og:url\" content=\"https:\/\/leschapelains.org\/qui-suis-je\/\" \/>\n<meta property=\"og:site_name\" content=\"Les Chapelains\" \/>\n<meta property=\"article:modified_time\" content=\"2025-04-23T15:14:26+00:00\" \/>\n<meta property=\"og:image\" content=\"https:\/\/leschapelains.org\/wp-content\/themes\/Divi\/includes\/builder\/frontend-builder\/assets\/vendors\/plugins\/emoticons\/img\/smiley-smile.gif\" \/>\n<meta name=\"twitter:card\" content=\"summary_large_image\" \/>\n<script type=\"application\/ld+json\" class=\"yoast-schema-graph\">{\"@context\":\"https:\/\/schema.org\",\"@graph\":[{\"@type\":\"Organization\",\"@id\":\"https:\/\/leschapelains.org\/#organization\",\"name\":\"Les Chapelains G\\u00eete et Bien-\\u00eatre\",\"url\":\"https:\/\/leschapelains.org\/\",\"sameAs\":[],\"logo\":{\"@type\":\"ImageObject\",\"@id\":\"https:\/\/leschapelains.org\/#logo\",\"inLanguage\":\"en-US\",\"url\":\"https:\/\/leschapelains.org\/wp-content\/uploads\/2021\/03\/cropped-Logo-VF-1.png\",\"width\":1576,\"height\":559,\"caption\":\"Les Chapelains G\\u00eete et Bien-\\u00eatre\"},\"image\":{\"@id\":\"https:\/\/leschapelains.org\/#logo\"}},{\"@type\":\"WebSite\",\"@id\":\"https:\/\/leschapelains.org\/#website\",\"url\":\"https:\/\/leschapelains.org\/\",\"name\":\"Les Chapelains\",\"description\":\"Bien-\\u00eatre\",\"publisher\":{\"@id\":\"https:\/\/leschapelains.org\/#organization\"},\"potentialAction\":[{\"@type\":\"SearchAction\",\"target\":\"https:\/\/leschapelains.org\/?s={search_term_string}\",\"query-input\":\"required name=search_term_string\"}],\"inLanguage\":\"en-US\"},{\"@type\":\"ImageObject\",\"@id\":\"https:\/\/leschapelains.org\/qui-suis-je\/#primaryimage\",\"inLanguage\":\"en-US\",\"url\":\"https:\/\/leschapelains.org\/wp-content\/themes\/Divi\/includes\/builder\/frontend-builder\/assets\/vendors\/plugins\/emoticons\/img\/smiley-smile.gif\"},{\"@type\":\"WebPage\",\"@id\":\"https:\/\/leschapelains.org\/qui-suis-je\/#webpage\",\"url\":\"https:\/\/leschapelains.org\/qui-suis-je\/\",\"name\":\"Qui suis-je ? | Les Chapelains\",\"isPartOf\":{\"@id\":\"https:\/\/leschapelains.org\/#website\"},\"primaryImageOfPage\":{\"@id\":\"https:\/\/leschapelains.org\/qui-suis-je\/#primaryimage\"},\"datePublished\":\"2022-03-29T15:56:25+00:00\",\"dateModified\":\"2025-04-23T15:14:26+00:00\",\"breadcrumb\":{\"@id\":\"https:\/\/leschapelains.org\/qui-suis-je\/#breadcrumb\"},\"inLanguage\":\"en-US\",\"potentialAction\":[{\"@type\":\"ReadAction\",\"target\":[\"https:\/\/leschapelains.org\/qui-suis-je\/\"]}]},{\"@type\":\"BreadcrumbList\",\"@id\":\"https:\/\/leschapelains.org\/qui-suis-je\/#breadcrumb\",\"itemListElement\":[{\"@type\":\"ListItem\",\"position\":1,\"item\":{\"@type\":\"WebPage\",\"@id\":\"https:\/\/leschapelains.org\/\",\"url\":\"https:\/\/leschapelains.org\/\",\"name\":\"Accueil\"}},{\"@type\":\"ListItem\",\"position\":2,\"item\":{\"@type\":\"WebPage\",\"@id\":\"https:\/\/leschapelains.org\/qui-suis-je\/\",\"url\":\"https:\/\/leschapelains.org\/qui-suis-je\/\",\"name\":\"Qui suis-je ?\"}}]}]}<\/script>\n<!-- \/ Yoast SEO plugin. -->","_links":{"self":[{"href":"https:\/\/leschapelains.org\/en\/wp-json\/wp\/v2\/pages\/524"}],"collection":[{"href":"https:\/\/leschapelains.org\/en\/wp-json\/wp\/v2\/pages"}],"about":[{"href":"https:\/\/leschapelains.org\/en\/wp-json\/wp\/v2\/types\/page"}],"author":[{"embeddable":true,"href":"https:\/\/leschapelains.org\/en\/wp-json\/wp\/v2\/users\/1"}],"replies":[{"embeddable":true,"href":"https:\/\/leschapelains.org\/en\/wp-json\/wp\/v2\/comments?post=524"}],"version-history":[{"count":23,"href":"https:\/\/leschapelains.org\/en\/wp-json\/wp\/v2\/pages\/524\/revisions"}],"predecessor-version":[{"id":1076,"href":"https:\/\/leschapelains.org\/en\/wp-json\/wp\/v2\/pages\/524\/revisions\/1076"}],"wp:attachment":[{"href":"https:\/\/leschapelains.org\/en\/wp-json\/wp\/v2\/media?parent=524"}],"curies":[{"name":"wp","href":"https:\/\/api.w.org\/{rel}","templated":true}]}}